{"id":35,"date":"2024-12-27T10:32:14","date_gmt":"2024-12-27T10:32:14","guid":{"rendered":"https:\/\/clanyeco.vamtam.com\/?page_id=35"},"modified":"2025-05-22T21:15:21","modified_gmt":"2025-05-22T18:15:21","slug":"pamuk-yagi","status":"publish","type":"page","link":"https:\/\/www.anzelyag.com\/index.php\/urunlerimiz\/pamuk-yagi\/","title":{"rendered":"Pamuk Ya\u011f\u0131"},"content":{"rendered":"\t\t<div data-elementor-type=\"wp-page\" data-elementor-id=\"35\" class=\"elementor elementor-35\" data-elementor-post-type=\"page\">\n\t\t\t\t<div class=\"elementor-element elementor-element-1e33a945 e-flex e-con-boxed e-con e-parent\" data-id=\"1e33a945\" data-element_type=\"container\">\n\t\t\t\t\t<div class=\"e-con-inner\">\n\t\t\t\t<div class=\"elementor-element elementor-element-ec19676 elementor-widget elementor-widget-image\" data-id=\"ec19676\" data-element_type=\"widget\" data-widget_type=\"image.default\">\n\t\t\t\t<div class=\"elementor-widget-container\">\n\t\t\t\t\t\t\t\t\t\t\t\t\t\t\t<img fetchpriority=\"high\" decoding=\"async\" width=\"1024\" height=\"352\" src=\"https:\/\/www.anzelyag.com\/wp-content\/uploads\/2025\/05\/urunler-pamuk-yagi-1024x352.jpg\" class=\"attachment-large size-large wp-image-987953\" alt=\"\" srcset=\"https:\/\/www.anzelyag.com\/wp-content\/uploads\/2025\/05\/urunler-pamuk-yagi-1024x352.jpg 1024w, https:\/\/www.anzelyag.com\/wp-content\/uploads\/2025\/05\/urunler-pamuk-yagi-300x103.jpg 300w, https:\/\/www.anzelyag.com\/wp-content\/uploads\/2025\/05\/urunler-pamuk-yagi-768x264.jpg 768w, https:\/\/www.anzelyag.com\/wp-content\/uploads\/2025\/05\/urunler-pamuk-yagi-1536x527.jpg 1536w, https:\/\/www.anzelyag.com\/wp-content\/uploads\/2025\/05\/urunler-pamuk-yagi-2048x703.jpg 2048w\" sizes=\"(max-width: 1024px) 100vw, 1024px\" \/>\t\t\t\t\t\t\t\t\t\t\t\t\t\t\t<\/div>\n\t\t\t\t<\/div>\n\t\t\t\t<div class=\"elementor-element elementor-element-5e5b0dd9 animated-fast elementor-invisible elementor-widget elementor-widget-heading\" data-id=\"5e5b0dd9\" data-element_type=\"widget\" data-settings=\"{&quot;_animation&quot;:&quot;fadeIn&quot;,&quot;_animation_delay&quot;:250}\" data-widget_type=\"heading.default\">\n\t\t\t\t<div class=\"elementor-widget-container\">\n\t\t\t\t\t<h2 class=\"elementor-heading-title elementor-size-default\">Do\u011fadan Sofraya Saf Lezzet<\/h2>\t\t\t\t<\/div>\n\t\t\t\t<\/div>\n\t\t\t\t<div class=\"elementor-element elementor-element-12154bb1 animated-fast elementor-invisible elementor-widget elementor-widget-text-editor\" data-id=\"12154bb1\" data-element_type=\"widget\" data-settings=\"{&quot;_animation&quot;:&quot;fadeIn&quot;,&quot;_animation_delay&quot;:300}\" data-widget_type=\"text-editor.default\">\n\t\t\t\t<div class=\"elementor-widget-container\">\n\t\t\t\t\t\t\t\t\t<p>Anzel Ya\u011f olarak \u015eanl\u0131urfa\u2019daki tesislerimizde \u00fcretti\u011fimiz pamuk ya\u011f\u0131, yerli pamuk tohumlar\u0131ndan elde edilmektedir. G\u0131da sekt\u00f6r\u00fcn\u00fcn ihtiya\u00e7 duydu\u011fu kalite ve dayan\u0131kl\u0131l\u0131\u011f\u0131 sunan \u00fcr\u00fcn\u00fcm\u00fcz, rafine edilerek sofralara ula\u015f\u0131r. N\u00f6tr tad\u0131 ve y\u00fcksek \u0131s\u0131ya dayan\u0131kl\u0131l\u0131\u011f\u0131 sayesinde \u00f6zellikle k\u0131zartmalarda tercih edilmektedir.<\/p><p>\u00dcretim s\u00fcrecimizde hijyen, kalite ve verimlilik \u00f6n planda tutulur. Modern ekstraksiyon ve rafinasyon sistemlerimiz sayesinde pamuk ya\u011f\u0131m\u0131z, hem i\u00e7 piyasada hem de sanayi tipi kullan\u0131mlarda y\u00fcksek performans sunar. G\u00fcvenilir ve s\u00fcrd\u00fcr\u00fclebilir bir bitkisel ya\u011f arayanlar i\u00e7in ideal bir tercihtir.<\/p>\t\t\t\t\t\t\t\t<\/div>\n\t\t\t\t<\/div>\n\t\t\t\t\t<\/div>\n\t\t\t\t<\/div>\n\t\t<div class=\"elementor-element elementor-element-65d21f75 e-flex e-con-boxed e-con e-parent\" data-id=\"65d21f75\" data-element_type=\"container\" data-settings=\"{&quot;background_background&quot;:&quot;classic&quot;}\">\n\t\t\t\t\t<div class=\"e-con-inner\">\n\t\t<div class=\"elementor-element elementor-element-25ec9ad2 e-con-full e-flex e-con e-child\" data-id=\"25ec9ad2\" data-element_type=\"container\">\n\t\t\t\t<div class=\"elementor-element elementor-element-48dba1fc elementor-widget__width-initial elementor-widget elementor-widget-spacer\" data-id=\"48dba1fc\" data-element_type=\"widget\" data-widget_type=\"spacer.default\">\n\t\t\t\t<div class=\"elementor-widget-container\">\n\t\t\t\t\t\t\t<div class=\"elementor-spacer\">\n\t\t\t<div class=\"elementor-spacer-inner\"><\/div>\n\t\t<\/div>\n\t\t\t\t\t\t<\/div>\n\t\t\t\t<\/div>\n\t\t<div class=\"elementor-element elementor-element-1a83a21b e-con-full e-flex e-con e-child\" data-id=\"1a83a21b\" data-element_type=\"container\">\n\t\t\t\t<div class=\"elementor-element elementor-element-5d27561b elementor-absolute elementor-view-default elementor-widget elementor-widget-icon\" data-id=\"5d27561b\" data-element_type=\"widget\" data-settings=\"{&quot;_position&quot;:&quot;absolute&quot;,&quot;motion_fx_motion_fx_scrolling&quot;:&quot;yes&quot;,&quot;motion_fx_rotateZ_effect&quot;:&quot;yes&quot;,&quot;motion_fx_rotateZ_direction&quot;:&quot;negative&quot;,&quot;motion_fx_rotateZ_affectedRange&quot;:{&quot;unit&quot;:&quot;%&quot;,&quot;size&quot;:&quot;&quot;,&quot;sizes&quot;:{&quot;start&quot;:35,&quot;end&quot;:81}},&quot;motion_fx_devices&quot;:[&quot;desktop&quot;],&quot;motion_fx_rotateZ_speed&quot;:{&quot;unit&quot;:&quot;px&quot;,&quot;size&quot;:1,&quot;sizes&quot;:[]}}\" data-widget_type=\"icon.default\">\n\t\t\t\t<div class=\"elementor-widget-container\">\n\t\t\t\t\t\t\t<div class=\"elementor-icon-wrapper\">\n\t\t\t<div class=\"elementor-icon\">\n\t\t\t<svg xmlns=\"http:\/\/www.w3.org\/2000\/svg\" xmlns:xlink=\"http:\/\/www.w3.org\/1999\/xlink\" width=\"51px\" height=\"41px\" viewBox=\"0 0 51 41\"><title>leaf-group-1<\/title><g id=\"Pages\" stroke=\"none\" stroke-width=\"1\" fill=\"none\" fill-rule=\"evenodd\"><g id=\"Home-1--new\" transform=\"translate(-245, -1076)\" fill=\"#3CA200\"><g id=\"Group-95\" transform=\"translate(141, 923)\"><g id=\"Group-94\" transform=\"translate(0, 153.3361)\"><g id=\"Group-35\" transform=\"translate(49, 0)\"><g id=\"leaf-group-1\" transform=\"translate(55.9628, 0)\"><path d=\"M34.5123108,28.3699086 C31.4031313,26.0763831 28.7144148,25.1005491 24.0769793,24.8219308 L28.8330262,20.9892212 C32.7016852,20.6879243 36.2773512,21.0925605 39.7985736,21.8281439 C36.1764343,20.4075528 33.1756925,20.2130838 29.3884685,20.2627892 L36.2959338,13.736286 C38.2145474,14.2006583 39.850353,14.1845251 41.8428809,13.9333721 C40.0211934,14.0040091 38.5743725,13.9564817 36.8274762,13.1720621 L43.2998756,7.29698989 L33.5744589,15.2602206 C32.9552794,13.6089779 32.5954554,12.1190563 32.7875383,10.1098306 C32.16349,12.2006028 32.6025366,13.8610047 32.882252,15.9190719 L25.8951278,21.8543267 C26.2491983,19.1287031 26.0774742,16.1863603 24.2779161,13.5396584 C24.8541645,14.975068 26.5572428,20.0020695 24.8612468,22.6073503 L17.7130175,28.5173093 C14.3953827,7.95546465 28.8648965,9.3743058 44.0371977,6.6638773 C41.3267959,23.8495645 43.0480149,36.6305423 18.9982837,30.4498173 L15.3314473,33.4933096 C14.7419212,33.9825357 13.0530086,32.3849168 14.8242421,32.4049773 L23.3245809,25.7559494 C27.8726121,25.788603 31.1751942,26.6785417 34.5123108,28.3699086 Z\" id=\"Path\" transform=\"translate(29.0372, 20.1252) rotate(-45) translate(-29.0372, -20.1252)\"><\/path><path d=\"M11.2747543,28.516893 C9.72016453,27.3701302 8.37580625,26.8822132 6.0570885,26.7429041 L8.43511196,24.8265493 C10.3694415,24.6759008 12.1572745,24.8782189 13.9178857,25.2460106 C12.106816,24.5357151 10.6064451,24.4384805 8.7128331,24.4633332 L12.1665658,21.2000817 C13.1258726,21.4322678 13.9437754,21.4242012 14.9400393,21.2986247 C14.0291956,21.3339432 13.3057851,21.3101795 12.432337,20.9179697 L15.6685367,17.9804336 L10.8058283,21.962049 C10.4962386,21.1364276 10.3163266,20.3914668 10.412368,19.3868539 C10.1003439,20.4322401 10.3198672,21.262441 10.4597249,22.2914746 L6.96616278,25.259102 C7.14319799,23.8962902 7.05733596,22.4251188 6.1575569,21.1017678 C6.44568113,21.8194727 7.29722028,24.3329734 6.44922228,25.6356138 L2.87510761,28.5905933 C1.21629024,18.309671 8.4510471,19.0190915 16.0371977,17.6638773 C14.6819968,26.2567209 15.5426063,32.6472098 3.5177407,29.5568473 L1.6843225,31.0785935 C1.38955947,31.3232065 0.545103176,30.524397 1.43071992,30.5344273 L5.6808893,27.2099133 C7.9549049,27.2262401 9.60619595,27.6712095 11.2747543,28.516893 Z\" id=\"Path-Copy-5\" transform=\"translate(8.5372, 24.3945) rotate(-74) translate(-8.5372, -24.3945)\"><\/path><\/g><\/g><\/g><\/g><\/g><\/g><\/svg>\t\t\t<\/div>\n\t\t<\/div>\n\t\t\t\t\t\t<\/div>\n\t\t\t\t<\/div>\n\t\t\t\t<div class=\"elementor-element elementor-element-6fd3c581 elementor-view-default elementor-widget elementor-widget-icon\" data-id=\"6fd3c581\" data-element_type=\"widget\" data-widget_type=\"icon.default\">\n\t\t\t\t<div class=\"elementor-widget-container\">\n\t\t\t\t\t\t\t<div class=\"elementor-icon-wrapper\">\n\t\t\t<div class=\"elementor-icon\">\n\t\t\t<svg xmlns=\"http:\/\/www.w3.org\/2000\/svg\" id=\"_&#x421;&#x43B;&#x43E;&#x439;_1\" data-name=\"&#x421;&#x43B;&#x43E;&#x439;_1\" viewBox=\"0 0 512 512\"><defs><style>      .st0 {        fill: #027500;      }    <\/style><\/defs><path class=\"st0\" d=\"M233.9,237.5c3,0,5.5-2.5,5.5-5.5s-2.5-5.5-5.5-5.5h-55.6c-3,0-5.5,2.5-5.5,5.5s2.5,5.5,5.5,5.5h55.6Z\"><\/path><path class=\"st0\" d=\"M246.5,255h-78.2c-3,0-5.5,2.5-5.5,5.5s2.5,5.5,5.5,5.5h78.2c3,0,5.5-2.5,5.5-5.5s-2.5-5.5-5.5-5.5Z\"><\/path><path class=\"st0\" d=\"M246.5,283.6h-78.2c-3,0-5.5,2.5-5.5,5.5s2.5,5.5,5.5,5.5h78.2c3,0,5.5-2.5,5.5-5.5s-2.5-5.5-5.5-5.5Z\"><\/path><path class=\"st0\" d=\"M251.3,405.9c2.7,1.4,6,.4,7.5-2.3.48-.9,1.01-1.75,1.57-2.59,5.72-8.57,15.35-13.81,25.83-13.81s20.12,5.24,25.83,13.89c.56.84,1.09,1.7,1.57,2.61.8,1.9,2.7,2.9,4.7,2.9h0c.9,0,1.8-.2,2.6-.6,2.7-1.4,3.7-4.8,2.3-7.5-7.3-13.8-21.5-22.3-37.1-22.3s-29.8,8.5-37.1,22.2c-1.4,2.7-.4,6,2.3,7.5Z\"><\/path><path class=\"st0\" d=\"M377.4,455.93c9.42-10.65,14.6-24.25,14.6-38.63,0-7.34-1.34-14.4-3.82-20.93-.04-.46-.12-.92-.28-1.37-4.26-11.62-12.51-21.03-22.81-26.98-3.3-2.1-6.84-3.89-10.59-5.32-2-15.5-9.3-29.7-20.9-40.5-12.5-11.7-28.8-18.1-45.9-18.1s-33,6.3-45.5,17.7c-11.4,10.5-18.8,24.4-21.1,39.6-5.96,1.8-11.46,4.5-16.38,7.91-9.06,5.85-16.3,14.48-20.32,24.92-3.03,7.1-4.7,14.91-4.7,23.06,0,14.84,5.59,28.42,14.78,38.74-4.47,3-8.35,6.92-11.58,11.76-1.3,2-1.2,4.6.3,6.5,1.5,1.9,4,2.6,6.2,1.8,6.5-2.4,25.7-7.1,35.7-.6,10.7,7,23.1,9.5,30.1,10.4.08,4.14,1.04,10,4.23,15.1h-114.93c-7.4,0-13.5-6.1-13.5-13.5v-251.4c0-8.3,2.2-16.4,6.3-23.6l19.9-30.9c4.4-6.8,5.5-15.2,3.2-22.9l-7.9-25.9c-.7-2.2-1.1-4.5-1.3-6.8h111.6c-.1,2.9-.6,5.9-1.6,8.7l-7.9,23.6c-2.7,8-1.6,16.7,3,23.8l19.2,29.6s0,.1.1.1c5.3,7.8,8.1,17,8.1,26.4v32.1c0,3,2.5,5.5,5.5,5.5s5.5-2.5,5.5-5.5v-32.1c0-11.7-3.4-22.9-10-32.6l-19.1-29.6c-2.8-4.3-3.4-9.5-1.8-14.3l7.9-23.6c1.9-5.9,2.6-12.2,1.9-18.3-.04-.41-.14-.79-.27-1.16-.79-5.38-2.53-10.57-5.33-15.24l-14.8-29.61c4.9-2.67,8.2-7.88,8.2-13.79V15.7c0-8.7-7.1-15.7-15.7-15.7h-76.6c-8.7,0-15.7,7-15.7,15.7v44.3h0c0,5.43,2.79,10.22,7.04,13.04l-15.94,31.96c-2.26,4.63-3.65,9.64-4.17,14.76,0,.05-.02.09-.03.14-.5,5.4.1,10.8,1.6,16l7.9,25.9c1.4,4.7.7,9.7-1.9,13.8l-19.9,31c0,.1-.1.1-.1.2-5.1,8.9-7.9,19-7.9,29.2v251.4c0,13.6,11,24.6,24.5,24.6h0s135.8,0,135.8,0c.49,0,.97-.07,1.43-.2h8.67c8.7,0,15.4-2.8,20.1-8.2,4.8-5.6,6-12.8,6.2-17.8,7-.9,19.3-3.4,30.1-10.4,10.1-6.5,29.2-1.8,35.7.6,2.2.8,4.7.1,6.2-1.8,1.5-1.9,1.6-4.5.3-6.5-3.23-4.84-7.13-8.77-11.6-11.77ZM154.4,109.9l17.05-34.2h70.4l16.35,32.8c.1.2.1.3.2.4,1.2,1.9,2.1,4,2.8,6h-108.8c.5-1.7,1.2-3.4,2-5ZM164.5,15.6c0-2.5,2-4.6,4.6-4.6v.1h76.6c2.5,0,4.6,2,4.6,4.6v44.3c0,2.5-2,4.6-4.6,4.6h-9.5v-17.8c0-3-2.5-5.5-5.5-5.5s-5.5,2.5-5.5,5.5v17.8h-13.3v-17.8c0-3-2.5-5.5-5.5-5.5s-5.5,2.5-5.5,5.5v17.8h-13.1v-17.8c0-3-2.5-5.5-5.5-5.5s-5.5,2.5-5.5,5.5v17.8h-7.7c-2.5,0-4.6-2-4.6-4.6V15.6ZM290.5,501h-9c-5.4,0-9.3-1.4-11.8-4.3-4.7-5.5-3.4-14.8-3.4-14.9.3-1.6-.2-3.2-1.2-4.4s-2.5-2-4.1-2c-.1,0-4.06-.14-9.59-1.24-3.85-.76-8.46-1.99-13.06-3.96-2.49-1.07-4.98-2.35-7.35-3.9-6.2-4-13.8-5.2-21.1-5.1,2.56-.65,5.14-.99,7.67-1.11,7.58-.35,14.76,1.34,19.63,2.91,1.14.6,2.37,1.13,3.65,1.61,1.09.41,2.21.77,3.35,1.09,2.5.74,5.24-.42,6.43-2.75.09-.18.2-.36.27-.55,1-2.6-.2-5.7-2.8-6.9-.2-.1-2.7-1.3-6.7-2.6-14.4-7.2-19.3-22.1-20.9-30.7,5.2,1.2,13.2,4.6,21.7,13.8,9.77,10.51,18.08,16.54,24.54,19.99,2.97,1.58,5.54,2.62,7.68,3.3,3.81,1.21,6.28,1.31,7.17,1.31h8.9c.3,0,.7,0,1-.1.47-.06,2.2-.42,5.05-1.53,1.93-.75,4.37-1.85,7.29-3.44,6.42-3.5,15.12-9.4,25.66-19.23,8.9-8.2,16.7-11.9,21.9-13.5-1.7,8.7-6.7,23.1-20.8,30.1-4,1.3-6.5,2.5-6.7,2.6-2.6,1.2-3.8,4.2-2.8,6.9.08.23.2.43.31.64,1.19,2.27,3.83,3.4,6.39,2.66,1.11-.34,2.17-.71,3.22-1.09,1.41-.52,2.76-1.08,4.08-1.71,4.85-1.54,11.91-3.19,19.32-2.88,2.68.11,5.4.47,8.08,1.18h-1.4c-7,0-14.2,1.3-20.1,5.1-2.37,1.55-4.85,2.83-7.33,3.89-4.67,2.01-9.32,3.25-13.19,4.01-5.48,1.08-9.38,1.2-9.48,1.2-1.6.1-3.1.8-4.1,2-1,1.2-1.4,2.8-1.2,4.4,0,.1,1.3,9.4-3.5,14.9-2.5,2.9-6.3,4.3-11.7,4.3ZM193.8,400.09c.29-.39.53-.82.7-1.29.46-1.28,1-2.51,1.58-3.72.19-.36.38-.71.57-1.06l-.06.02c2.89-5.58,7.03-10.32,11.97-13.96,7.52-5.54,16.9-8.52,26.64-7.98,3.95.21,7.75,1.01,11.38,2.33,1.61.59,3.19,1.27,4.72,2.07,2.7,1.4,6,.3,7.4-2.4,1.4-2.7.3-6-2.4-7.4-6.4-3.3-13.3-5.1-20.5-5.6-1.2-.07-2.39-.1-3.58-.08,4.92-26.49,27.94-45.92,55.48-45.92s50.62,19.82,55.51,46.09c-2.31-.18-4.65-.22-7.01-.09-7.2.4-14.1,2.3-20.5,5.6-2.7,1.4-3.8,4.7-2.4,7.4,1.4,2.7,4.7,3.8,7.4,2.4,1.54-.8,3.13-1.48,4.75-2.06,3.62-1.3,7.41-2.07,11.35-2.34,8.59-.53,16.95,1.76,23.99,6.17,6.11,3.82,11.22,9.23,14.62,15.77l-.31-.12c3.91,6.95,6.1,14.94,6.1,23.38,0,12.6-5,24.6-13.9,33.5-.07.07-.15.14-.22.21-4.72-1.49-9.86-2.21-15.38-2.11,10.7-14.4,11.5-31.8,11.5-32.9.1-1.5-.5-2.9-1.5-4-1-1.1-2.4-1.7-3.9-1.7-.6,0-16.8,0-35.9,17.8-18,16.9-29.8,20.8-32.1,21.4h-8.5c-1.1-.1-12.6-1.3-31-21.1-18-19.4-35.9-18.1-36.6-18-2.9.3-5.1,2.8-5,5.7,0,1.1.8,18.5,11.5,32.9-5.53-.1-10.67.62-15.4,2.11-8.76-8.61-14.2-20.59-14.2-33.81,0-6.05,1.13-11.86,3.2-17.21Z\"><\/path><\/svg>\t\t\t<\/div>\n\t\t<\/div>\n\t\t\t\t\t\t<\/div>\n\t\t\t\t<\/div>\n\t\t\t\t<\/div>\n\t\t\t\t<div class=\"elementor-element elementor-element-4bc30e3c elementor-widget__width-initial elementor-widget elementor-widget-spacer\" data-id=\"4bc30e3c\" data-element_type=\"widget\" data-widget_type=\"spacer.default\">\n\t\t\t\t<div class=\"elementor-widget-container\">\n\t\t\t\t\t\t\t<div class=\"elementor-spacer\">\n\t\t\t<div class=\"elementor-spacer-inner\"><\/div>\n\t\t<\/div>\n\t\t\t\t\t\t<\/div>\n\t\t\t\t<\/div>\n\t\t\t\t<\/div>\n\t\t\t\t<div class=\"elementor-element elementor-element-5e5d294a elementor-widget__width-initial animated-fast elementor-invisible elementor-widget elementor-widget-heading\" data-id=\"5e5d294a\" data-element_type=\"widget\" data-settings=\"{&quot;_animation&quot;:&quot;fadeInUp&quot;,&quot;_animation_delay&quot;:100}\" data-widget_type=\"heading.default\">\n\t\t\t\t<div class=\"elementor-widget-container\">\n\t\t\t\t\t<h3 class=\"elementor-heading-title elementor-size-default\">Sa\u011fl\u0131kl\u0131 Yemeklerin Vazge\u00e7ilmezi<\/h3>\t\t\t\t<\/div>\n\t\t\t\t<\/div>\n\t\t\t\t<div class=\"elementor-element elementor-element-d4712f4 elementor-widget__width-initial animated-fast elementor-invisible elementor-widget elementor-widget-text-editor\" data-id=\"d4712f4\" data-element_type=\"widget\" data-settings=\"{&quot;_animation&quot;:&quot;fadeIn&quot;,&quot;_animation_delay&quot;:200}\" data-widget_type=\"text-editor.default\">\n\t\t\t\t<div class=\"elementor-widget-container\">\n\t\t\t\t\t\t\t\t\t<span aria-hidden=\"true\">N\u00f6tr tad\u0131 ve y\u00fcksek \u0131s\u0131 direnciyle mutfaklarda ideal tercihtir.\n<\/span>\t\t\t\t\t\t\t\t<\/div>\n\t\t\t\t<\/div>\n\t\t<div class=\"elementor-element elementor-element-27d760ee e-con-full e-flex e-con e-child\" data-id=\"27d760ee\" data-element_type=\"container\">\n\t\t<div class=\"elementor-element elementor-element-2e9c8b9a e-con-full animated-fast vamtam-has-theme-cp vamtam-cp-top-left e-flex elementor-invisible e-con e-child\" data-id=\"2e9c8b9a\" data-element_type=\"container\" data-settings=\"{&quot;background_background&quot;:&quot;classic&quot;,&quot;animation_delay&quot;:450,&quot;animation&quot;:&quot;fadeInUp&quot;}\">\n\t\t\t\t<div class=\"elementor-element elementor-element-2aa75ebc elementor-icon-list--layout-traditional elementor-list-item-link-full_width elementor-widget elementor-widget-icon-list\" data-id=\"2aa75ebc\" data-element_type=\"widget\" data-widget_type=\"icon-list.default\">\n\t\t\t\t<div class=\"elementor-widget-container\">\n\t\t\t\t\t\t\t<ul class=\"elementor-icon-list-items\">\n\t\t\t\t\t\t\t<li class=\"elementor-icon-list-item\">\n\t\t\t\t\t\t\t\t\t\t\t<span class=\"elementor-icon-list-icon\">\n\t\t\t\t\t\t\t<i aria-hidden=\"true\" class=\"vamtamtheme- vamtam-theme-check-round\"><\/i>\t\t\t\t\t\t<\/span>\n\t\t\t\t\t\t\t\t\t\t<span class=\"elementor-icon-list-text\">Kolesterol dostu<\/span>\n\t\t\t\t\t\t\t\t\t<\/li>\n\t\t\t\t\t\t\t\t<li class=\"elementor-icon-list-item\">\n\t\t\t\t\t\t\t\t\t\t\t<span class=\"elementor-icon-list-icon\">\n\t\t\t\t\t\t\t<i aria-hidden=\"true\" class=\"vamtamtheme- vamtam-theme-check-round\"><\/i>\t\t\t\t\t\t<\/span>\n\t\t\t\t\t\t\t\t\t\t<span class=\"elementor-icon-list-text\">Y\u00fcksek s\u0131cakl\u0131k dayan\u0131m\u0131<\/span>\n\t\t\t\t\t\t\t\t\t<\/li>\n\t\t\t\t\t\t\t\t<li class=\"elementor-icon-list-item\">\n\t\t\t\t\t\t\t\t\t\t\t<span class=\"elementor-icon-list-icon\">\n\t\t\t\t\t\t\t<i aria-hidden=\"true\" class=\"vamtamtheme- vamtam-theme-check-round\"><\/i>\t\t\t\t\t\t<\/span>\n\t\t\t\t\t\t\t\t\t\t<span class=\"elementor-icon-list-text\">N\u00f6tr aroma yap\u0131s\u0131<\/span>\n\t\t\t\t\t\t\t\t\t<\/li>\n\t\t\t\t\t\t<\/ul>\n\t\t\t\t\t\t<\/div>\n\t\t\t\t<\/div>\n\t\t\t\t<\/div>\n\t\t<div class=\"elementor-element elementor-element-5ee36af0 e-con-full animated-fast vamtam-has-theme-cp vamtam-cp-top-right e-flex elementor-invisible e-con e-child\" data-id=\"5ee36af0\" data-element_type=\"container\" data-settings=\"{&quot;background_background&quot;:&quot;classic&quot;,&quot;animation_delay&quot;:500,&quot;animation&quot;:&quot;fadeInUp&quot;}\">\n\t\t\t\t<div class=\"elementor-element elementor-element-2d5f80c1 elementor-icon-list--layout-traditional elementor-list-item-link-full_width elementor-widget elementor-widget-icon-list\" data-id=\"2d5f80c1\" data-element_type=\"widget\" data-widget_type=\"icon-list.default\">\n\t\t\t\t<div class=\"elementor-widget-container\">\n\t\t\t\t\t\t\t<ul class=\"elementor-icon-list-items\">\n\t\t\t\t\t\t\t<li class=\"elementor-icon-list-item\">\n\t\t\t\t\t\t\t\t\t\t\t<span class=\"elementor-icon-list-icon\">\n\t\t\t\t\t\t\t<i aria-hidden=\"true\" class=\"vamtamtheme- vamtam-theme-check-round\"><\/i>\t\t\t\t\t\t<\/span>\n\t\t\t\t\t\t\t\t\t\t<span class=\"elementor-icon-list-text\">K\u0131zartma i\u00e7in uygun<\/span>\n\t\t\t\t\t\t\t\t\t<\/li>\n\t\t\t\t\t\t\t\t<li class=\"elementor-icon-list-item\">\n\t\t\t\t\t\t\t\t\t\t\t<span class=\"elementor-icon-list-icon\">\n\t\t\t\t\t\t\t<i aria-hidden=\"true\" class=\"vamtamtheme- vamtam-theme-check-round\"><\/i>\t\t\t\t\t\t<\/span>\n\t\t\t\t\t\t\t\t\t\t<span class=\"elementor-icon-list-text\">Uzun raf \u00f6mr\u00fc<\/span>\n\t\t\t\t\t\t\t\t\t<\/li>\n\t\t\t\t\t\t\t\t<li class=\"elementor-icon-list-item\">\n\t\t\t\t\t\t\t\t\t\t\t<span class=\"elementor-icon-list-icon\">\n\t\t\t\t\t\t\t<i aria-hidden=\"true\" class=\"vamtamtheme- vamtam-theme-check-round\"><\/i>\t\t\t\t\t\t<\/span>\n\t\t\t\t\t\t\t\t\t\t<span class=\"elementor-icon-list-text\">End\u00fcstriyel kullan\u0131ma uygun<\/span>\n\t\t\t\t\t\t\t\t\t<\/li>\n\t\t\t\t\t\t<\/ul>\n\t\t\t\t\t\t<\/div>\n\t\t\t\t<\/div>\n\t\t\t\t<\/div>\n\t\t\t\t<\/div>\n\t\t\t\t\t<\/div>\n\t\t\t\t<\/div>\n\t\t\t\t<\/div>\n\t\t","protected":false},"excerpt":{"rendered":"<p>Do\u011fal yap\u0131s\u0131 ve n\u00f6tr tad\u0131yla sofralarda g\u00fcvenle kullan\u0131lan bitkisel ya\u011fd\u0131r.<\/p>\n","protected":false},"author":1,"featured_media":988048,"parent":21,"menu_order":0,"comment_status":"closed","ping_status":"closed","template":"","meta":{"inline_featured_image":false,"footnotes":""},"class_list":["post-35","page","type-page","status-publish","has-post-thumbnail","hentry"],"_links":{"self":[{"href":"https:\/\/www.anzelyag.com\/index.php\/wp-json\/wp\/v2\/pages\/35","targetHints":{"allow":["GET"]}}],"collection":[{"href":"https:\/\/www.anzelyag.com\/index.php\/wp-json\/wp\/v2\/pages"}],"about":[{"href":"https:\/\/www.anzelyag.com\/index.php\/wp-json\/wp\/v2\/types\/page"}],"author":[{"embeddable":true,"href":"https:\/\/www.anzelyag.com\/index.php\/wp-json\/wp\/v2\/users\/1"}],"replies":[{"embeddable":true,"href":"https:\/\/www.anzelyag.com\/index.php\/wp-json\/wp\/v2\/comments?post=35"}],"version-history":[{"count":32,"href":"https:\/\/www.anzelyag.com\/index.php\/wp-json\/wp\/v2\/pages\/35\/revisions"}],"predecessor-version":[{"id":988191,"href":"https:\/\/www.anzelyag.com\/index.php\/wp-json\/wp\/v2\/pages\/35\/revisions\/988191"}],"up":[{"embeddable":true,"href":"https:\/\/www.anzelyag.com\/index.php\/wp-json\/wp\/v2\/pages\/21"}],"wp:featuredmedia":[{"embeddable":true,"href":"https:\/\/www.anzelyag.com\/index.php\/wp-json\/wp\/v2\/media\/988048"}],"wp:attachment":[{"href":"https:\/\/www.anzelyag.com\/index.php\/wp-json\/wp\/v2\/media?parent=35"}],"curies":[{"name":"wp","href":"https:\/\/api.w.org\/{rel}","templated":true}]}}