{"id":987975,"date":"2025-05-22T09:54:49","date_gmt":"2025-05-22T06:54:49","guid":{"rendered":"https:\/\/www.anzelyag.com\/?page_id=987975"},"modified":"2025-05-22T21:20:13","modified_gmt":"2025-05-22T18:20:13","slug":"soya-kuspesi","status":"publish","type":"page","link":"https:\/\/www.anzelyag.com\/index.php\/urunlerimiz\/soya-kuspesi\/","title":{"rendered":"Soya K\u00fcspesi"},"content":{"rendered":"\t\t<div data-elementor-type=\"wp-page\" data-elementor-id=\"987975\" class=\"elementor elementor-987975\" data-elementor-post-type=\"page\">\n\t\t\t\t<div class=\"elementor-element elementor-element-1e33a945 e-flex e-con-boxed e-con e-parent\" data-id=\"1e33a945\" data-element_type=\"container\">\n\t\t\t\t\t<div class=\"e-con-inner\">\n\t\t\t\t<div class=\"elementor-element elementor-element-ec19676 elementor-widget elementor-widget-image\" data-id=\"ec19676\" data-element_type=\"widget\" data-widget_type=\"image.default\">\n\t\t\t\t<div class=\"elementor-widget-container\">\n\t\t\t\t\t\t\t\t\t\t\t\t\t\t\t<img fetchpriority=\"high\" decoding=\"async\" width=\"1024\" height=\"352\" src=\"https:\/\/www.anzelyag.com\/wp-content\/uploads\/2025\/05\/soya-kuspesi-1024x352.jpg\" class=\"attachment-large size-large wp-image-987977\" alt=\"\" srcset=\"https:\/\/www.anzelyag.com\/wp-content\/uploads\/2025\/05\/soya-kuspesi-1024x352.jpg 1024w, https:\/\/www.anzelyag.com\/wp-content\/uploads\/2025\/05\/soya-kuspesi-300x103.jpg 300w, https:\/\/www.anzelyag.com\/wp-content\/uploads\/2025\/05\/soya-kuspesi-768x264.jpg 768w, https:\/\/www.anzelyag.com\/wp-content\/uploads\/2025\/05\/soya-kuspesi-1536x527.jpg 1536w, https:\/\/www.anzelyag.com\/wp-content\/uploads\/2025\/05\/soya-kuspesi-2048x703.jpg 2048w\" sizes=\"(max-width: 1024px) 100vw, 1024px\" \/>\t\t\t\t\t\t\t\t\t\t\t\t\t\t\t<\/div>\n\t\t\t\t<\/div>\n\t\t\t\t<div class=\"elementor-element elementor-element-5e5b0dd9 animated-fast elementor-invisible elementor-widget elementor-widget-heading\" data-id=\"5e5b0dd9\" data-element_type=\"widget\" data-settings=\"{&quot;_animation&quot;:&quot;fadeIn&quot;,&quot;_animation_delay&quot;:250}\" data-widget_type=\"heading.default\">\n\t\t\t\t<div class=\"elementor-widget-container\">\n\t\t\t\t\t<h2 class=\"elementor-heading-title elementor-size-default\">Hayvan Besisinde Y\u00fcksek Performans<\/h2>\t\t\t\t<\/div>\n\t\t\t\t<\/div>\n\t\t\t\t<div class=\"elementor-element elementor-element-12154bb1 animated-fast elementor-invisible elementor-widget elementor-widget-text-editor\" data-id=\"12154bb1\" data-element_type=\"widget\" data-settings=\"{&quot;_animation&quot;:&quot;fadeIn&quot;,&quot;_animation_delay&quot;:300}\" data-widget_type=\"text-editor.default\">\n\t\t\t\t<div class=\"elementor-widget-container\">\n\t\t\t\t\t\t\t\t\t<p data-start=\"1932\" data-end=\"2177\">Soya fasulyelerinden ya\u011f \u00fcretimi sonras\u0131 elde edilen soya k\u00fcspesi, hayvanc\u0131l\u0131kta kullan\u0131lan en de\u011ferli yem katk\u0131lar\u0131ndan biridir. Anzel Ya\u011f olarak \u00fcretimini ger\u00e7ekle\u015ftirdi\u011fimiz bu \u00fcr\u00fcn, y\u00fcksek protein i\u00e7eri\u011fiyle hayvanlar\u0131n geli\u015fimini destekler.<\/p><p data-start=\"2179\" data-end=\"2415\">Yem \u00fcreticileri ve \u00e7ift\u00e7iler i\u00e7in ideal olan soya k\u00fcspemiz, besleyici de\u011feriyle \u00f6ne \u00e7\u0131kar. Kaliteli hammadde kullan\u0131m\u0131 ve modern \u00fcretim s\u00fcre\u00e7lerimiz sayesinde, hem i\u00e7 piyasaya hem de b\u00f6lgesel hayvanc\u0131l\u0131\u011fa g\u00fcvenilir bir katk\u0131 sa\u011fl\u0131yoruz.<\/p>\t\t\t\t\t\t\t\t<\/div>\n\t\t\t\t<\/div>\n\t\t\t\t\t<\/div>\n\t\t\t\t<\/div>\n\t\t<div class=\"elementor-element elementor-element-65d21f75 e-flex e-con-boxed e-con e-parent\" data-id=\"65d21f75\" data-element_type=\"container\" data-settings=\"{&quot;background_background&quot;:&quot;classic&quot;}\">\n\t\t\t\t\t<div class=\"e-con-inner\">\n\t\t<div class=\"elementor-element elementor-element-25ec9ad2 e-con-full e-flex e-con e-child\" data-id=\"25ec9ad2\" data-element_type=\"container\">\n\t\t\t\t<div class=\"elementor-element elementor-element-48dba1fc elementor-widget__width-initial elementor-widget elementor-widget-spacer\" data-id=\"48dba1fc\" data-element_type=\"widget\" data-widget_type=\"spacer.default\">\n\t\t\t\t<div class=\"elementor-widget-container\">\n\t\t\t\t\t\t\t<div class=\"elementor-spacer\">\n\t\t\t<div class=\"elementor-spacer-inner\"><\/div>\n\t\t<\/div>\n\t\t\t\t\t\t<\/div>\n\t\t\t\t<\/div>\n\t\t<div class=\"elementor-element elementor-element-1a83a21b e-con-full e-flex e-con e-child\" data-id=\"1a83a21b\" data-element_type=\"container\">\n\t\t\t\t<div class=\"elementor-element elementor-element-5d27561b elementor-absolute elementor-view-default elementor-widget elementor-widget-icon\" data-id=\"5d27561b\" data-element_type=\"widget\" data-settings=\"{&quot;_position&quot;:&quot;absolute&quot;,&quot;motion_fx_motion_fx_scrolling&quot;:&quot;yes&quot;,&quot;motion_fx_rotateZ_effect&quot;:&quot;yes&quot;,&quot;motion_fx_rotateZ_direction&quot;:&quot;negative&quot;,&quot;motion_fx_rotateZ_affectedRange&quot;:{&quot;unit&quot;:&quot;%&quot;,&quot;size&quot;:&quot;&quot;,&quot;sizes&quot;:{&quot;start&quot;:35,&quot;end&quot;:81}},&quot;motion_fx_devices&quot;:[&quot;desktop&quot;],&quot;motion_fx_rotateZ_speed&quot;:{&quot;unit&quot;:&quot;px&quot;,&quot;size&quot;:1,&quot;sizes&quot;:[]}}\" data-widget_type=\"icon.default\">\n\t\t\t\t<div class=\"elementor-widget-container\">\n\t\t\t\t\t\t\t<div class=\"elementor-icon-wrapper\">\n\t\t\t<div class=\"elementor-icon\">\n\t\t\t<svg xmlns=\"http:\/\/www.w3.org\/2000\/svg\" xmlns:xlink=\"http:\/\/www.w3.org\/1999\/xlink\" width=\"51px\" height=\"41px\" viewBox=\"0 0 51 41\"><title>leaf-group-1<\/title><g id=\"Pages\" stroke=\"none\" stroke-width=\"1\" fill=\"none\" fill-rule=\"evenodd\"><g id=\"Home-1--new\" transform=\"translate(-245, -1076)\" fill=\"#3CA200\"><g id=\"Group-95\" transform=\"translate(141, 923)\"><g id=\"Group-94\" transform=\"translate(0, 153.3361)\"><g id=\"Group-35\" transform=\"translate(49, 0)\"><g id=\"leaf-group-1\" transform=\"translate(55.9628, 0)\"><path d=\"M34.5123108,28.3699086 C31.4031313,26.0763831 28.7144148,25.1005491 24.0769793,24.8219308 L28.8330262,20.9892212 C32.7016852,20.6879243 36.2773512,21.0925605 39.7985736,21.8281439 C36.1764343,20.4075528 33.1756925,20.2130838 29.3884685,20.2627892 L36.2959338,13.736286 C38.2145474,14.2006583 39.850353,14.1845251 41.8428809,13.9333721 C40.0211934,14.0040091 38.5743725,13.9564817 36.8274762,13.1720621 L43.2998756,7.29698989 L33.5744589,15.2602206 C32.9552794,13.6089779 32.5954554,12.1190563 32.7875383,10.1098306 C32.16349,12.2006028 32.6025366,13.8610047 32.882252,15.9190719 L25.8951278,21.8543267 C26.2491983,19.1287031 26.0774742,16.1863603 24.2779161,13.5396584 C24.8541645,14.975068 26.5572428,20.0020695 24.8612468,22.6073503 L17.7130175,28.5173093 C14.3953827,7.95546465 28.8648965,9.3743058 44.0371977,6.6638773 C41.3267959,23.8495645 43.0480149,36.6305423 18.9982837,30.4498173 L15.3314473,33.4933096 C14.7419212,33.9825357 13.0530086,32.3849168 14.8242421,32.4049773 L23.3245809,25.7559494 C27.8726121,25.788603 31.1751942,26.6785417 34.5123108,28.3699086 Z\" id=\"Path\" transform=\"translate(29.0372, 20.1252) rotate(-45) translate(-29.0372, -20.1252)\"><\/path><path d=\"M11.2747543,28.516893 C9.72016453,27.3701302 8.37580625,26.8822132 6.0570885,26.7429041 L8.43511196,24.8265493 C10.3694415,24.6759008 12.1572745,24.8782189 13.9178857,25.2460106 C12.106816,24.5357151 10.6064451,24.4384805 8.7128331,24.4633332 L12.1665658,21.2000817 C13.1258726,21.4322678 13.9437754,21.4242012 14.9400393,21.2986247 C14.0291956,21.3339432 13.3057851,21.3101795 12.432337,20.9179697 L15.6685367,17.9804336 L10.8058283,21.962049 C10.4962386,21.1364276 10.3163266,20.3914668 10.412368,19.3868539 C10.1003439,20.4322401 10.3198672,21.262441 10.4597249,22.2914746 L6.96616278,25.259102 C7.14319799,23.8962902 7.05733596,22.4251188 6.1575569,21.1017678 C6.44568113,21.8194727 7.29722028,24.3329734 6.44922228,25.6356138 L2.87510761,28.5905933 C1.21629024,18.309671 8.4510471,19.0190915 16.0371977,17.6638773 C14.6819968,26.2567209 15.5426063,32.6472098 3.5177407,29.5568473 L1.6843225,31.0785935 C1.38955947,31.3232065 0.545103176,30.524397 1.43071992,30.5344273 L5.6808893,27.2099133 C7.9549049,27.2262401 9.60619595,27.6712095 11.2747543,28.516893 Z\" id=\"Path-Copy-5\" transform=\"translate(8.5372, 24.3945) rotate(-74) translate(-8.5372, -24.3945)\"><\/path><\/g><\/g><\/g><\/g><\/g><\/g><\/svg>\t\t\t<\/div>\n\t\t<\/div>\n\t\t\t\t\t\t<\/div>\n\t\t\t\t<\/div>\n\t\t\t\t<div class=\"elementor-element elementor-element-6fd3c581 elementor-view-default elementor-widget elementor-widget-icon\" data-id=\"6fd3c581\" data-element_type=\"widget\" data-widget_type=\"icon.default\">\n\t\t\t\t<div class=\"elementor-widget-container\">\n\t\t\t\t\t\t\t<div class=\"elementor-icon-wrapper\">\n\t\t\t<div class=\"elementor-icon\">\n\t\t\t<svg xmlns=\"http:\/\/www.w3.org\/2000\/svg\" id=\"Layer_1\" viewBox=\"0 0 512 512\"><defs><style>      .st0 {        fill: #027500;      }    <\/style><\/defs><path class=\"st0\" d=\"M451.07,266.22h28.74c3.88,0,7,3.15,7,7v207.3c0,3.85-3.12,7-7,7h-35.83c-3.85,0-7-3.15-7-7v-16.58h-157.24v16.58c0,3.85-3.15,7-7,7h-35.83c-3.88,0-7-3.15-7-7v-16.58H72.64v16.58c0,3.85-3.12,7-7,7H29.81c-3.86,0-7-3.15-7-7v-207.3c0-3.85,3.15-7,7-7h24.75c-2.47-22.45-5.44-45.89-5.44-66.67,0-27.35,8.08-54.48,23.75-75.85-7.77-3.29-14.63-8.22-20.15-14.43-8.31-9.3-13.55-21.43-14.15-34.78-.4-3.2,1.5-6.35,4.68-7.43,19.45-6.69,40.73-2.1,55.7,11.57,1.73-1.16,6.21-3.91,8.39-4.9-1.84-1.81-4-3.46-6.46-4.9-6.09-3.57-3.54-13.07,3.69-12.98,8.11.11,15.34,2.07,21.57,6.12,5.41-5.24,12.9-8.84,21-10.2,6.97-1.16,11.03,7.71,5.61,12.25-1.7,1.45-3.2,2.92-4.48,4.48,8.79.74,17.18,2.55,24.77,4.96.23.08.45.17.68.26,4.34,1.9,8.16,3.85,11.48,5.87,14.97-14.34,36.79-19.33,56.69-12.5,3.17,1.08,5.05,4.22,4.68,7.43-.62,13.46-5.95,25.71-14.43,35.06-5.47,6.07-12.25,10.91-19.9,14.12,15.68,21.4,23.78,48.53,23.78,75.88s-5.33,61.12-7.8,90.51h1.67v-16.84c0-3.85,3.12-7,7-7h35.83c.23,0,.43.03.65.03-5.39-39.4-12.53-73.33-.37-110.83,3.6-11.14,8.59-21.43,14.68-30.59-4.17-2.72-7.97-5.98-11.28-9.69-8.33-9.35-13.61-21.51-14.2-34.95-.37-3.2,1.5-6.32,4.68-7.43,8.84-3.03,18.11-3.74,27.1-2.3-5.13-12.59,1.93-26.82,15.05-30.33,5.67-1.5,12.42-.77,17.66,2.61l6.97,4.03c3.34-1.87,7.2-2.95,11.31-2.95,4.73-8.19,7.77-15.39,18.11-18.17,17.32-4.62,32.91,11.93,27.24,28.91,6.01,6.38,7.82,15.68,4.48,23.9l3.09.99.03-.03c4.37,1.93,8.19,3.88,11.54,5.92,15.02-14.43,36.94-19.42,56.92-12.59,3.17,1.11,5.05,4.22,4.68,7.43-.6,13.55-5.98,25.82-14.48,35.21-4.9,5.44-10.83,9.89-17.49,13.1,12.61,20.55,19.05,45.16,19.05,69.96.01,21.54-3.93,44.89-7.07,67.74h0ZM436.98,449.94v-21.32h-157.24v21.32h157.24ZM436.98,414.62v-12.93h-157.24v12.93h157.24ZM436.98,387.69v-21.34h-157.24v21.34h157.24ZM436.98,352.34v-12.93h-157.24v12.93h157.24ZM436.98,325.41v-21.34h-157.24v21.34h157.24ZM472.81,280.22h-21.83v193.29h21.83v-193.29ZM68.67,266.9c2.35,1.13,3.97,3.54,3.97,6.32v16.84h28.06c.85-11.51,2.49-23.56,4.39-36.23.57-3.83,4.14-6.46,7.97-5.9,3.83.6,6.43,4.14,5.87,7.97-1.87,12.39-3.34,23.22-4.22,34.16h55.62c-1.33-10.89-3.23-21.54-5.56-34.44-.68-3.77,1.84-7.4,5.61-8.08,3.8-.68,7.43,1.84,8.11,5.61,2.41,13.29,4.59,25.63,5.87,36.91h29.88c1.79-22,4.82-43.46,6.58-64.8-18.23,11.25-42.66-12.73-27.72-34.55,9.47-13.89-7.82-42.75,12.59-51.79-1.42-2.32-2.95-4.59-4.54-6.77-2.27,5.47-14.17,33.68-14.8,36.34-.62,2.64-2.13,6.63-2.89,10.12l-.96,4.9c1.47,2.78,2.32,5.98,2.32,9.67v9.58c0,44.39-93.37,43.34-93.37,0v-9.58c0-4.82,1.45-8.73,3.8-11.93-2.98-18.2-8.28-30.73-12.5-47.31-7.2,10.32-12.47,22.11-15.73,34.64,7.09,2.64,16.3,6.97,16.3,15.87s4.73,4.48,5.47,27.89c.06,1.47.51-.85,1.19-.06,5.56,6.26,14.34,16.21,5.9,31.46-4.62,8.33-18.48,11.31-28.46,11.54.37,3.71.8,7.46,1.25,11.62h0ZM72.64,304.06v21.34h157.27v-21.34H72.64ZM72.64,339.41v12.93h157.27v-12.93H72.64ZM72.64,366.34v21.34h157.27v-21.34H72.64ZM72.64,401.69v12.93h157.27v-12.93H72.64ZM72.64,428.62v21.32h157.27v-21.32H72.64ZM58.67,280.22h-21.86v193.29h21.85v-193.29h.01ZM265.74,280.22h-21.83v193.29h21.83v-193.29ZM290.31,290.06h30.05c.85-11.51,2.49-23.56,4.39-36.23.6-3.83,4.14-6.46,7.97-5.9,3.83.6,6.46,4.14,5.9,7.97-1.9,12.39-3.37,23.22-4.25,34.16h55.62c-1.3-10.89-3.23-21.54-5.56-34.44-.68-3.77,1.84-7.4,5.64-8.08,3.77-.68,7.4,1.84,8.08,5.61,2.41,13.29,4.62,25.63,5.9,36.91h30.1c1.5-15.53,3.63-29.59,5.7-44.25-2.86-1.81.45-1.53-6.21-1.64-2.32-.06-4.71-.11-7.09-.57-9.89-1.93-17.43-8.33-12.47-33.9,1.47-7.51,3.71-13.46,5.61-18.6,1.79-4.71,3.23-8.56,3.09-11.42-.57-12.39,6.72-15.05,15.48-19.64-2.92-9.1-6.86-17.57-11.65-25.2-2.15,6.32-4.99,12.9-7.97,19.73-4.82,11.06-9.98,22.93-11.91,35.15,1.45,2.78,2.3,6.01,2.3,9.69v9.64c0,44.53-93.69,43.46-93.69,0v-9.64c0-4.85,1.45-8.76,3.8-11.96-1.59-10.6-4.73-20.95-7.74-30.78-2.55-8.45-5.02-16.55-6.46-24.32-1.53-.37-3.06-.82-4.54-1.33-13.38,19.28-20.1,43.2-20.1,67.44,0,5.81.28,11.68.79,17.69,8.9-13.66,24.94-16.3,29.93-1.02,7.6,23.27-4.56,26.96-16.1,42.69-2.44,3.29-3.83,7.29-7.09,11.06.93,6.89,1.78,13.95,2.48,21.18h0ZM284.93,247.88c2.58-3.4,5.02-6.09,7.17-8.5,5.64-6.26,8.96-10.2,5.5-20.35-2.1,1.19-4.08,3.4-5.19,5.39-3.26,5.9-5.78,10.26-8.96,12.9.49,3.47.97,6.99,1.48,10.56h0ZM358.63,48.12c8.76,6.24,12.25,17.66,8.25,27.78,3.09,1.79,5.36,3.46,9.27,2.41,2.21-.6,4.05-1.98,5.22-4,2.38-3.91.99-9.35-3.23-11.79-3.54-2.04-4.59-6.66-2.1-10.2,4.45-6.26-1.39-15.28-9.33-13.15-2.18.6-4,1.93-5.22,4l-2.86,4.95ZM357.98,86.85c-4.02,2.66-8.84,4.08-13.97,3.86l-2.61,4.54c-4.31,7.48-12.3,11.68-20.58,11.28-6.41,12.05-1.53,28.15,3.94,46.12,2.55,8.33,5.19,17.06,7.03,26.08,21-7.54,40.62-6.07,60.83,0,.65.2,1.3.43,1.96.68,2.72-10.77,7.11-20.86,11.25-30.42,10.12-23.24,18.54-42.6-13.24-56.64l-8.42-2.21c-.14,0-10.57,6.09-22.08-.91l-4.11-2.38ZM330.74,85.82c-8.7-6.72-11.62-18.62-6.86-28.63-4-2.3-6.86-4.71-11.23-3.54-7.82,2.1-8.59,12.81-1.36,16.13,3.8,1.73,5.22,6.26,3.03,10.01-3.57,6.18,2.15,14.51,9.75,12.47,3.83-1.02,4.94-3.46,6.67-6.44h0ZM351.74,60.57c-5.92-5.92-16.13-1.7-16.13,6.69s10.2,12.64,16.13,6.69c3.71-3.69,3.71-9.67,0-13.38ZM441.83,173.9c-3.09,1.59-5.22,2.89-5.1,5.19.45,9.69-6.32,19.87-8.93,33.22-2.72,14.06-1.11,17.09,1.39,17.57,3.46.65,8.16-.06,12.64,1.08,2.41-19.82,3.71-37.93,0-57.06h0ZM65.87,241.33c4.71.03,9.21-.68,12.84-1.87,2.72-.91,4.56-1.79,4.93-2.49,3.69-6.63-1.11-12.05-4.11-15.45-2.58-2.92-4.59-5.19-4.71-8.73-.68-21.66-5.53-14.23-5.53-28.35,0-.17-2.35-1.05-5.02-2.01-2.48,18.17-.44,39.74,1.6,58.9ZM215.25,211.88c1.7-1.93,4.22-2.66,6.55-2.21.85-21.15-1.19-38.83-9.35-57.69-8.5,6.52,4.28,28.86-7.82,46.57-6.78,9.93,4.67,19.96,10.62,13.33h0ZM386.18,130.05c-2.72,2.72-7.17,2.72-9.89,0-2.98-2.98-2.75-7.54.71-10.57,9.13-8.28,22.11-7.97,30.47.48v-.03c6.86,6.83-3.06,16.72-9.89,9.89h.03c-3.35-3.26-8.03-3.18-11.43.23h0ZM335.5,130.05c-2.72,2.72-7.14,2.72-9.89,0-2.98-2.98-2.75-7.54.71-10.57,9.16-8.28,22.11-7.97,30.47.48l.03-.03c6.83,6.83-3.06,16.72-9.89,9.89-3.35-3.26-8.03-3.18-11.43.23h0ZM161.71,124.6c-2.69,2.75-7.12,2.78-9.86.09-2.81-2.78-2.83-7.17.2-10.15,8.62-8.53,21.91-8.48,30.59.28,2.72,2.75,2.66,7.14-.08,9.86-2.75,2.72-7.06,2.69-9.98-.2-3.13-3.08-7.67-3.05-10.87.12ZM112.41,124.66c-2.72,2.72-7.14,2.72-9.89,0-2.98-2.98-2.75-7.54.71-10.57,8.96-8.11,21.69-7.8,29.91.48,6.83,6.8-3.06,16.72-9.89,9.89v-.03c-3.18-3.06-7.61-3-10.84.23ZM307.63,101.47c-4.73-3.83-7.62-9.35-8.22-15.22-7.26-2.64-15.11-3.26-22.73-1.67,2.47,15,12.9,27.52,27.01,32.77.26-5.47,1.45-10.78,3.94-15.88ZM337.43,205.13c-1.39-3.57.4-7.63,4-9.01s7.63.4,9.01,4l3.94,10.09c1.39,3.6-.4,7.63-4,9.01-3.6,1.39-7.62-.4-9.01-3.97l-3.94-10.12ZM373.94,200.12c1.39-3.6,5.41-5.39,9.01-4s5.39,5.44,4,9.01l-3.94,10.12c-1.39,3.57-5.41,5.36-9.01,3.97s-5.39-5.41-4-9.01l3.94-10.09ZM363.19,187.56c-8.59-.26-17.55.96-27.07,4.42-3.51,1.3-6.77,3.23-6.77,7.43v9.64c0,13.89,20.1,19.02,33.17,19.02,12.98.03,32.51-4.82,32.51-19.02v-9.64c0-4.03-2.69-6.15-6.41-7.29-8.33-2.52-16.78-4.3-25.43-4.56ZM420.74,93.93c7.09,7.17,9.61,14.91,9.44,23.22,13.86-5.39,24.01-17.74,26.45-32.57-12.82-2.64-26.09.88-35.89,9.35h0ZM113.43,198.9c-1.39-3.6.4-7.65,4-9.04s7.62.4,9.01,4l3.94,10.06c1.39,3.6-.43,7.63-4,9.01-3.6,1.39-7.65-.4-9.04-4l-3.91-10.03ZM149.8,193.85c1.39-3.6,5.41-5.39,9.01-4s5.39,5.44,4,9.04l-3.91,10.03c-1.39,3.6-5.44,5.39-9.04,4s-5.39-5.41-4-9.01l3.94-10.06ZM107.88,172.54c20.92-7.51,40.45-6.04,60.55,0,.65.2,1.3.43,1.93.68,2.86-11.23,7.62-21.88,12.19-32.51,9.58-22.14,16.41-40.62-14.17-54.11-4.45-1.39-9.72-2.66-15.56-3.54-4.9-.71-10.12-1.11-15.45-.99-3,.17-5.61-1.25-6.89-3.94-1.53.82-3.32,1.05-4.93.68-1.19,6.12-7.62,5.53-12.42,7.65-24.21,12.64-20.66,31.72-14.03,54.17,3.11,10.56,6.48,20.65,8.78,31.91ZM139.11,181.41c-8.53-.26-17.43.96-26.93,4.39-1.08.4-4.68,2.13-4.68,2.61-1.25,1.22-2.07,2.41-2.07,4.76v9.58c0,13.83,20.01,18.91,33,18.94,12.93.03,32.37-4.82,32.37-18.94v-9.58c0-4-2.69-6.12-6.38-7.23-8.3-2.49-16.69-4.28-25.31-4.53ZM79.59,111.34c.28-8.45,2.72-16.3,8.76-23.44-9.72-8.19-22.76-11.59-35.32-9.04,2.43,14.82,12.67,27.18,26.56,32.48ZM196.46,88.18c7.03,7.11,9.55,14.8,9.38,23.05,13.75-5.36,23.84-17.63,26.28-32.37-12.73-2.62-25.91.9-35.66,9.32ZM191.22,155.78c-.14.37-.31.77-.45,1.13M186.34,168.48c-.14.4-.25.79-.4,1.19M185.57,170.84c-.14.4-.26.79-.37,1.19\"><\/path><\/svg>\t\t\t<\/div>\n\t\t<\/div>\n\t\t\t\t\t\t<\/div>\n\t\t\t\t<\/div>\n\t\t\t\t<\/div>\n\t\t\t\t<div class=\"elementor-element elementor-element-4bc30e3c elementor-widget__width-initial elementor-widget elementor-widget-spacer\" data-id=\"4bc30e3c\" data-element_type=\"widget\" data-widget_type=\"spacer.default\">\n\t\t\t\t<div class=\"elementor-widget-container\">\n\t\t\t\t\t\t\t<div class=\"elementor-spacer\">\n\t\t\t<div class=\"elementor-spacer-inner\"><\/div>\n\t\t<\/div>\n\t\t\t\t\t\t<\/div>\n\t\t\t\t<\/div>\n\t\t\t\t<\/div>\n\t\t\t\t<div class=\"elementor-element elementor-element-5e5d294a elementor-widget__width-initial animated-fast elementor-invisible elementor-widget elementor-widget-heading\" data-id=\"5e5d294a\" data-element_type=\"widget\" data-settings=\"{&quot;_animation&quot;:&quot;fadeInUp&quot;,&quot;_animation_delay&quot;:100}\" data-widget_type=\"heading.default\">\n\t\t\t\t<div class=\"elementor-widget-container\">\n\t\t\t\t\t<h3 class=\"elementor-heading-title elementor-size-default\">Hayvanc\u0131l\u0131\u011fa Y\u00fcksek Katk\u0131<\/h3>\t\t\t\t<\/div>\n\t\t\t\t<\/div>\n\t\t\t\t<div class=\"elementor-element elementor-element-d4712f4 elementor-widget__width-initial animated-fast elementor-invisible elementor-widget elementor-widget-text-editor\" data-id=\"d4712f4\" data-element_type=\"widget\" data-settings=\"{&quot;_animation&quot;:&quot;fadeIn&quot;,&quot;_animation_delay&quot;:200}\" data-widget_type=\"text-editor.default\">\n\t\t\t\t<div class=\"elementor-widget-container\">\n\t\t\t\t\t\t\t\t\t<p>Zengin protein i\u00e7eri\u011fiyle yem performans\u0131n\u0131 \u00fcst seviyeye \u00e7\u0131kar\u0131r.<\/p>\t\t\t\t\t\t\t\t<\/div>\n\t\t\t\t<\/div>\n\t\t<div class=\"elementor-element elementor-element-27d760ee e-con-full e-flex e-con e-child\" data-id=\"27d760ee\" data-element_type=\"container\">\n\t\t<div class=\"elementor-element elementor-element-2e9c8b9a e-con-full animated-fast vamtam-has-theme-cp vamtam-cp-top-left e-flex elementor-invisible e-con e-child\" data-id=\"2e9c8b9a\" data-element_type=\"container\" data-settings=\"{&quot;background_background&quot;:&quot;classic&quot;,&quot;animation_delay&quot;:450,&quot;animation&quot;:&quot;fadeInUp&quot;}\">\n\t\t\t\t<div class=\"elementor-element elementor-element-2aa75ebc elementor-icon-list--layout-traditional elementor-list-item-link-full_width elementor-widget elementor-widget-icon-list\" data-id=\"2aa75ebc\" data-element_type=\"widget\" data-widget_type=\"icon-list.default\">\n\t\t\t\t<div class=\"elementor-widget-container\">\n\t\t\t\t\t\t\t<ul class=\"elementor-icon-list-items\">\n\t\t\t\t\t\t\t<li class=\"elementor-icon-list-item\">\n\t\t\t\t\t\t\t\t\t\t\t<span class=\"elementor-icon-list-icon\">\n\t\t\t\t\t\t\t<i aria-hidden=\"true\" class=\"vamtamtheme- vamtam-theme-check-round\"><\/i>\t\t\t\t\t\t<\/span>\n\t\t\t\t\t\t\t\t\t\t<span class=\"elementor-icon-list-text\">Kas geli\u015fimi destekler<\/span>\n\t\t\t\t\t\t\t\t\t<\/li>\n\t\t\t\t\t\t\t\t<li class=\"elementor-icon-list-item\">\n\t\t\t\t\t\t\t\t\t\t\t<span class=\"elementor-icon-list-icon\">\n\t\t\t\t\t\t\t<i aria-hidden=\"true\" class=\"vamtamtheme- vamtam-theme-check-round\"><\/i>\t\t\t\t\t\t<\/span>\n\t\t\t\t\t\t\t\t\t\t<span class=\"elementor-icon-list-text\">Y\u00fcksek sindirilebilirlik<\/span>\n\t\t\t\t\t\t\t\t\t<\/li>\n\t\t\t\t\t\t\t\t<li class=\"elementor-icon-list-item\">\n\t\t\t\t\t\t\t\t\t\t\t<span class=\"elementor-icon-list-icon\">\n\t\t\t\t\t\t\t<i aria-hidden=\"true\" class=\"vamtamtheme- vamtam-theme-check-round\"><\/i>\t\t\t\t\t\t<\/span>\n\t\t\t\t\t\t\t\t\t\t<span class=\"elementor-icon-list-text\">Enerji de\u011feri y\u00fcksek<\/span>\n\t\t\t\t\t\t\t\t\t<\/li>\n\t\t\t\t\t\t<\/ul>\n\t\t\t\t\t\t<\/div>\n\t\t\t\t<\/div>\n\t\t\t\t<\/div>\n\t\t<div class=\"elementor-element elementor-element-5ee36af0 e-con-full animated-fast vamtam-has-theme-cp vamtam-cp-top-right e-flex elementor-invisible e-con e-child\" data-id=\"5ee36af0\" data-element_type=\"container\" data-settings=\"{&quot;background_background&quot;:&quot;classic&quot;,&quot;animation_delay&quot;:500,&quot;animation&quot;:&quot;fadeInUp&quot;}\">\n\t\t\t\t<div class=\"elementor-element elementor-element-2d5f80c1 elementor-icon-list--layout-traditional elementor-list-item-link-full_width elementor-widget elementor-widget-icon-list\" data-id=\"2d5f80c1\" data-element_type=\"widget\" data-widget_type=\"icon-list.default\">\n\t\t\t\t<div class=\"elementor-widget-container\">\n\t\t\t\t\t\t\t<ul class=\"elementor-icon-list-items\">\n\t\t\t\t\t\t\t<li class=\"elementor-icon-list-item\">\n\t\t\t\t\t\t\t\t\t\t\t<span class=\"elementor-icon-list-icon\">\n\t\t\t\t\t\t\t<i aria-hidden=\"true\" class=\"vamtamtheme- vamtam-theme-check-round\"><\/i>\t\t\t\t\t\t<\/span>\n\t\t\t\t\t\t\t\t\t\t<span class=\"elementor-icon-list-text\">Kanatl\u0131, b\u00fcy\u00fckba\u015f ve k\u00fc\u00e7\u00fckba\u015f i\u00e7in<\/span>\n\t\t\t\t\t\t\t\t\t<\/li>\n\t\t\t\t\t\t\t\t<li class=\"elementor-icon-list-item\">\n\t\t\t\t\t\t\t\t\t\t\t<span class=\"elementor-icon-list-icon\">\n\t\t\t\t\t\t\t<i aria-hidden=\"true\" class=\"vamtamtheme- vamtam-theme-check-round\"><\/i>\t\t\t\t\t\t<\/span>\n\t\t\t\t\t\t\t\t\t\t<span class=\"elementor-icon-list-text\">Yem katk\u0131s\u0131 sa\u011flar<\/span>\n\t\t\t\t\t\t\t\t\t<\/li>\n\t\t\t\t\t\t\t\t<li class=\"elementor-icon-list-item\">\n\t\t\t\t\t\t\t\t\t\t\t<span class=\"elementor-icon-list-icon\">\n\t\t\t\t\t\t\t<i aria-hidden=\"true\" class=\"vamtamtheme- vamtam-theme-check-round\"><\/i>\t\t\t\t\t\t<\/span>\n\t\t\t\t\t\t\t\t\t\t<span class=\"elementor-icon-list-text\">\u0130stikrarl\u0131 besin profili<\/span>\n\t\t\t\t\t\t\t\t\t<\/li>\n\t\t\t\t\t\t<\/ul>\n\t\t\t\t\t\t<\/div>\n\t\t\t\t<\/div>\n\t\t\t\t<\/div>\n\t\t\t\t<\/div>\n\t\t\t\t\t<\/div>\n\t\t\t\t<\/div>\n\t\t\t\t<\/div>\n\t\t","protected":false},"excerpt":{"rendered":"<p>Hayvan beslenmesinde y\u00fcksek performans sunan, ekonomik ve besleyici bir \u00e7\u00f6z\u00fcmd\u00fcr.<\/p>\n","protected":false},"author":1,"featured_media":988052,"parent":21,"menu_order":0,"comment_status":"closed","ping_status":"closed","template":"","meta":{"inline_featured_image":false,"footnotes":""},"class_list":["post-987975","page","type-page","status-publish","has-post-thumbnail","hentry"],"_links":{"self":[{"href":"https:\/\/www.anzelyag.com\/index.php\/wp-json\/wp\/v2\/pages\/987975","targetHints":{"allow":["GET"]}}],"collection":[{"href":"https:\/\/www.anzelyag.com\/index.php\/wp-json\/wp\/v2\/pages"}],"about":[{"href":"https:\/\/www.anzelyag.com\/index.php\/wp-json\/wp\/v2\/types\/page"}],"author":[{"embeddable":true,"href":"https:\/\/www.anzelyag.com\/index.php\/wp-json\/wp\/v2\/users\/1"}],"replies":[{"embeddable":true,"href":"https:\/\/www.anzelyag.com\/index.php\/wp-json\/wp\/v2\/comments?post=987975"}],"version-history":[{"count":20,"href":"https:\/\/www.anzelyag.com\/index.php\/wp-json\/wp\/v2\/pages\/987975\/revisions"}],"predecessor-version":[{"id":988217,"href":"https:\/\/www.anzelyag.com\/index.php\/wp-json\/wp\/v2\/pages\/987975\/revisions\/988217"}],"up":[{"embeddable":true,"href":"https:\/\/www.anzelyag.com\/index.php\/wp-json\/wp\/v2\/pages\/21"}],"wp:featuredmedia":[{"embeddable":true,"href":"https:\/\/www.anzelyag.com\/index.php\/wp-json\/wp\/v2\/media\/988052"}],"wp:attachment":[{"href":"https:\/\/www.anzelyag.com\/index.php\/wp-json\/wp\/v2\/media?parent=987975"}],"curies":[{"name":"wp","href":"https:\/\/api.w.org\/{rel}","templated":true}]}}