{"id":988003,"date":"2025-05-22T10:12:11","date_gmt":"2025-05-22T07:12:11","guid":{"rendered":"https:\/\/www.anzelyag.com\/?page_id=988003"},"modified":"2025-05-22T21:15:08","modified_gmt":"2025-05-22T18:15:08","slug":"linter-pamugu","status":"publish","type":"page","link":"https:\/\/www.anzelyag.com\/index.php\/urunlerimiz\/linter-pamugu\/","title":{"rendered":"Linter Pamu\u011fu"},"content":{"rendered":"\t\t<div data-elementor-type=\"wp-page\" data-elementor-id=\"988003\" class=\"elementor elementor-988003\" data-elementor-post-type=\"page\">\n\t\t\t\t<div class=\"elementor-element elementor-element-1e33a945 e-flex e-con-boxed e-con e-parent\" data-id=\"1e33a945\" data-element_type=\"container\">\n\t\t\t\t\t<div class=\"e-con-inner\">\n\t\t\t\t<div class=\"elementor-element elementor-element-ec19676 elementor-widget elementor-widget-image\" data-id=\"ec19676\" data-element_type=\"widget\" data-widget_type=\"image.default\">\n\t\t\t\t<div class=\"elementor-widget-container\">\n\t\t\t\t\t\t\t\t\t\t\t\t\t\t\t<img fetchpriority=\"high\" decoding=\"async\" width=\"1024\" height=\"352\" src=\"https:\/\/www.anzelyag.com\/wp-content\/uploads\/2025\/05\/urunlerimiz-linter-pamugu-1024x352.jpg\" class=\"attachment-large size-large wp-image-988005\" alt=\"\" srcset=\"https:\/\/www.anzelyag.com\/wp-content\/uploads\/2025\/05\/urunlerimiz-linter-pamugu-1024x352.jpg 1024w, https:\/\/www.anzelyag.com\/wp-content\/uploads\/2025\/05\/urunlerimiz-linter-pamugu-300x103.jpg 300w, https:\/\/www.anzelyag.com\/wp-content\/uploads\/2025\/05\/urunlerimiz-linter-pamugu-768x264.jpg 768w, https:\/\/www.anzelyag.com\/wp-content\/uploads\/2025\/05\/urunlerimiz-linter-pamugu-1536x527.jpg 1536w, https:\/\/www.anzelyag.com\/wp-content\/uploads\/2025\/05\/urunlerimiz-linter-pamugu-2048x703.jpg 2048w\" sizes=\"(max-width: 1024px) 100vw, 1024px\" \/>\t\t\t\t\t\t\t\t\t\t\t\t\t\t\t<\/div>\n\t\t\t\t<\/div>\n\t\t\t\t<div class=\"elementor-element elementor-element-5e5b0dd9 animated-fast elementor-invisible elementor-widget elementor-widget-heading\" data-id=\"5e5b0dd9\" data-element_type=\"widget\" data-settings=\"{&quot;_animation&quot;:&quot;fadeIn&quot;,&quot;_animation_delay&quot;:250}\" data-widget_type=\"heading.default\">\n\t\t\t\t<div class=\"elementor-widget-container\">\n\t\t\t\t\t<h2 class=\"elementor-heading-title elementor-size-default\">Sanayi \u0130\u00e7in Do\u011fal Hammadde<\/h2>\t\t\t\t<\/div>\n\t\t\t\t<\/div>\n\t\t\t\t<div class=\"elementor-element elementor-element-12154bb1 animated-fast elementor-invisible elementor-widget elementor-widget-text-editor\" data-id=\"12154bb1\" data-element_type=\"widget\" data-settings=\"{&quot;_animation&quot;:&quot;fadeIn&quot;,&quot;_animation_delay&quot;:300}\" data-widget_type=\"text-editor.default\">\n\t\t\t\t<div class=\"elementor-widget-container\">\n\t\t\t\t\t\t\t\t\t<p data-start=\"2449\" data-end=\"2685\">Linter pamu\u011fu, pamuk \u00e7ekirde\u011finden ayr\u0131lan k\u0131sa lifli elyaflard\u0131r ve Anzel Ya\u011f tesislerinde hassas bir s\u00fcre\u00e7le elde edilmektedir. Bu \u00f6zel \u00fcr\u00fcn, tekstil, ka\u011f\u0131t, sel\u00fcloz ve ila\u00e7 sanayii gibi bir\u00e7ok alanda ham madde olarak de\u011ferlendirilir.<\/p><p data-start=\"2687\" data-end=\"2933\">Do\u011fal yap\u0131s\u0131 ve safl\u0131\u011f\u0131 sayesinde sanayi sekt\u00f6r\u00fcn\u00fcn taleplerini kar\u015f\u0131layan linter pamu\u011fu, y\u00fcksek kalite standartlar\u0131m\u0131z do\u011frultusunda \u00fcretilir. \u00dcr\u00fcn\u00fcm\u00fcz, hem verimli hem de s\u00fcrd\u00fcr\u00fclebilir sanayi \u00e7\u00f6z\u00fcmleri arayan firmalar i\u00e7in ideal bir tercihtir.<\/p>\t\t\t\t\t\t\t\t<\/div>\n\t\t\t\t<\/div>\n\t\t\t\t\t<\/div>\n\t\t\t\t<\/div>\n\t\t<div class=\"elementor-element elementor-element-65d21f75 e-flex e-con-boxed e-con e-parent\" data-id=\"65d21f75\" data-element_type=\"container\" data-settings=\"{&quot;background_background&quot;:&quot;classic&quot;}\">\n\t\t\t\t\t<div class=\"e-con-inner\">\n\t\t<div class=\"elementor-element elementor-element-25ec9ad2 e-con-full e-flex e-con e-child\" data-id=\"25ec9ad2\" data-element_type=\"container\">\n\t\t\t\t<div class=\"elementor-element elementor-element-48dba1fc elementor-widget__width-initial elementor-widget elementor-widget-spacer\" data-id=\"48dba1fc\" data-element_type=\"widget\" data-widget_type=\"spacer.default\">\n\t\t\t\t<div class=\"elementor-widget-container\">\n\t\t\t\t\t\t\t<div class=\"elementor-spacer\">\n\t\t\t<div class=\"elementor-spacer-inner\"><\/div>\n\t\t<\/div>\n\t\t\t\t\t\t<\/div>\n\t\t\t\t<\/div>\n\t\t<div class=\"elementor-element elementor-element-1a83a21b e-con-full e-flex e-con e-child\" data-id=\"1a83a21b\" data-element_type=\"container\">\n\t\t\t\t<div class=\"elementor-element elementor-element-5d27561b elementor-absolute elementor-view-default elementor-widget elementor-widget-icon\" data-id=\"5d27561b\" data-element_type=\"widget\" data-settings=\"{&quot;_position&quot;:&quot;absolute&quot;,&quot;motion_fx_motion_fx_scrolling&quot;:&quot;yes&quot;,&quot;motion_fx_rotateZ_effect&quot;:&quot;yes&quot;,&quot;motion_fx_rotateZ_direction&quot;:&quot;negative&quot;,&quot;motion_fx_rotateZ_affectedRange&quot;:{&quot;unit&quot;:&quot;%&quot;,&quot;size&quot;:&quot;&quot;,&quot;sizes&quot;:{&quot;start&quot;:35,&quot;end&quot;:81}},&quot;motion_fx_devices&quot;:[&quot;desktop&quot;],&quot;motion_fx_rotateZ_speed&quot;:{&quot;unit&quot;:&quot;px&quot;,&quot;size&quot;:1,&quot;sizes&quot;:[]}}\" data-widget_type=\"icon.default\">\n\t\t\t\t<div class=\"elementor-widget-container\">\n\t\t\t\t\t\t\t<div class=\"elementor-icon-wrapper\">\n\t\t\t<div class=\"elementor-icon\">\n\t\t\t<svg xmlns=\"http:\/\/www.w3.org\/2000\/svg\" xmlns:xlink=\"http:\/\/www.w3.org\/1999\/xlink\" width=\"51px\" height=\"41px\" viewBox=\"0 0 51 41\"><title>leaf-group-1<\/title><g id=\"Pages\" stroke=\"none\" stroke-width=\"1\" fill=\"none\" fill-rule=\"evenodd\"><g id=\"Home-1--new\" transform=\"translate(-245, -1076)\" fill=\"#3CA200\"><g id=\"Group-95\" transform=\"translate(141, 923)\"><g id=\"Group-94\" transform=\"translate(0, 153.3361)\"><g id=\"Group-35\" transform=\"translate(49, 0)\"><g id=\"leaf-group-1\" transform=\"translate(55.9628, 0)\"><path d=\"M34.5123108,28.3699086 C31.4031313,26.0763831 28.7144148,25.1005491 24.0769793,24.8219308 L28.8330262,20.9892212 C32.7016852,20.6879243 36.2773512,21.0925605 39.7985736,21.8281439 C36.1764343,20.4075528 33.1756925,20.2130838 29.3884685,20.2627892 L36.2959338,13.736286 C38.2145474,14.2006583 39.850353,14.1845251 41.8428809,13.9333721 C40.0211934,14.0040091 38.5743725,13.9564817 36.8274762,13.1720621 L43.2998756,7.29698989 L33.5744589,15.2602206 C32.9552794,13.6089779 32.5954554,12.1190563 32.7875383,10.1098306 C32.16349,12.2006028 32.6025366,13.8610047 32.882252,15.9190719 L25.8951278,21.8543267 C26.2491983,19.1287031 26.0774742,16.1863603 24.2779161,13.5396584 C24.8541645,14.975068 26.5572428,20.0020695 24.8612468,22.6073503 L17.7130175,28.5173093 C14.3953827,7.95546465 28.8648965,9.3743058 44.0371977,6.6638773 C41.3267959,23.8495645 43.0480149,36.6305423 18.9982837,30.4498173 L15.3314473,33.4933096 C14.7419212,33.9825357 13.0530086,32.3849168 14.8242421,32.4049773 L23.3245809,25.7559494 C27.8726121,25.788603 31.1751942,26.6785417 34.5123108,28.3699086 Z\" id=\"Path\" transform=\"translate(29.0372, 20.1252) rotate(-45) translate(-29.0372, -20.1252)\"><\/path><path d=\"M11.2747543,28.516893 C9.72016453,27.3701302 8.37580625,26.8822132 6.0570885,26.7429041 L8.43511196,24.8265493 C10.3694415,24.6759008 12.1572745,24.8782189 13.9178857,25.2460106 C12.106816,24.5357151 10.6064451,24.4384805 8.7128331,24.4633332 L12.1665658,21.2000817 C13.1258726,21.4322678 13.9437754,21.4242012 14.9400393,21.2986247 C14.0291956,21.3339432 13.3057851,21.3101795 12.432337,20.9179697 L15.6685367,17.9804336 L10.8058283,21.962049 C10.4962386,21.1364276 10.3163266,20.3914668 10.412368,19.3868539 C10.1003439,20.4322401 10.3198672,21.262441 10.4597249,22.2914746 L6.96616278,25.259102 C7.14319799,23.8962902 7.05733596,22.4251188 6.1575569,21.1017678 C6.44568113,21.8194727 7.29722028,24.3329734 6.44922228,25.6356138 L2.87510761,28.5905933 C1.21629024,18.309671 8.4510471,19.0190915 16.0371977,17.6638773 C14.6819968,26.2567209 15.5426063,32.6472098 3.5177407,29.5568473 L1.6843225,31.0785935 C1.38955947,31.3232065 0.545103176,30.524397 1.43071992,30.5344273 L5.6808893,27.2099133 C7.9549049,27.2262401 9.60619595,27.6712095 11.2747543,28.516893 Z\" id=\"Path-Copy-5\" transform=\"translate(8.5372, 24.3945) rotate(-74) translate(-8.5372, -24.3945)\"><\/path><\/g><\/g><\/g><\/g><\/g><\/g><\/svg>\t\t\t<\/div>\n\t\t<\/div>\n\t\t\t\t\t\t<\/div>\n\t\t\t\t<\/div>\n\t\t\t\t<div class=\"elementor-element elementor-element-6fd3c581 elementor-view-default elementor-widget elementor-widget-icon\" data-id=\"6fd3c581\" data-element_type=\"widget\" data-widget_type=\"icon.default\">\n\t\t\t\t<div class=\"elementor-widget-container\">\n\t\t\t\t\t\t\t<div class=\"elementor-icon-wrapper\">\n\t\t\t<div class=\"elementor-icon\">\n\t\t\t<svg xmlns=\"http:\/\/www.w3.org\/2000\/svg\" id=\"katman_1\" viewBox=\"0 0 512 512\"><defs><style>      .st0 {        fill: #027500;      }    <\/style><\/defs><path class=\"st0\" d=\"M397.65,132.09C392.54,58.4,330.97,0,256,0c-22.99,0-45.83,5.62-66.04,16.26-4.89,2.57-6.77,8.62-4.19,13.51,2.57,4.89,8.62,6.77,13.5,4.19,17.36-9.13,36.97-13.96,56.73-13.96,64.25,0,117.05,49.92,121.67,113-10.86,1.41-21.39,4.3-31.48,8.66-24.07-22.08-56-35.14-90.19-35.14s-66.38,13.35-90.12,35.17c-10.11-4.38-20.66-7.27-31.54-8.68,1.16-16.27,5.5-31.85,12.95-46.43,2.51-4.92.56-10.94-4.36-13.46-4.92-2.51-10.94-.56-13.45,4.36-8.77,17.16-13.83,35.49-15.13,54.62C50.89,134.45,0,186.8,0,250.82c0,30.3,11.41,59.16,32.12,81.25,19.51,20.81,45.51,33.78,73.65,36.85,19.08,24.83,52.27,41.2,98.79,48.66,6.55,1.05,12,5.81,13.88,12.14,5.01,16.86,7.55,34.3,7.55,51.87v20.41c0,5.52,4.48,10,10,10h40c5.52,0,10-4.48,10-10v-20.42c0-16.98,2.37-33.86,7.05-50.19,1.94-6.75,7.62-11.74,14.48-12.71,47.16-6.64,80.51-23.2,99.13-49.2.16-.22.3-.45.46-.67,27.79-3.25,53.44-16.16,72.74-36.74,20.72-22.1,32.14-50.96,32.14-81.27,0-64.02-50.9-116.37-114.35-118.72ZM304.74,398.88c-14.67,2.07-26.8,12.66-30.91,27-5.19,18.12-7.82,36.86-7.82,55.7v10.42h-20v-10.42c0-19.49-2.82-38.86-8.38-57.57-4.05-13.64-15.79-23.93-29.89-26.19-42.75-6.86-72.25-21.43-87.73-43.3-.3-.55-.66-1.07-1.07-1.55-3.48-5.23-5.88-10.4-7.49-15.26,14.31,7.21,33.85,8.17,58.23,2.82,54.26-11.89,72.92,33.68,73.67,35.59,1.46,3.8,5.08,6.34,9.15,6.41l3.38.06c4.04.07,7.76-2.34,9.37-6.06.83-1.91,21-46.77,74.8-32.94,24.21,6.22,43.79,5.96,58.33-.75-1.06,2.87-2.41,5.84-4.09,8.86-1.62,1.36-2.8,3.2-3.31,5.3-.27.39-.54.79-.83,1.18-15.38,21.19-44.12,34.88-85.41,40.69ZM231.22,331.57c.09-11.38,2.36-46.39,24.74-83.44,20.07,34.08,23.85,70.66,24.56,83.3-4.36,2.55-8.16,5.34-11.41,8.12-6.17,5.26-10.94,10.91-14.45,15.81-3.34-5.03-7.92-10.84-13.91-16.33-2.75-2.52-5.93-5.07-9.52-7.47ZM418.27,346.41c5.98-18.8,3.29-33.8,3.12-34.66-.92-4.85-5.2-8.51-10.15-8.33-4.9.18-8.92,3.68-9.54,8.53-.2.88-1.81,6.81-8.72,11.14-6.96,4.36-20.93,8.09-47.95,1.15-17.74-4.56-32.68-3.99-45.01-.82-1.88-20.62-9.01-62.5-35.95-99.31-1.89-2.57-4.88-4.09-8.07-4.09h-.02c-3.2,0-6.2,1.54-8.07,4.13-28.23,38.89-34.93,77.61-36.36,98.01-12.43-3.88-27.71-5.18-46.16-1.14-27.23,5.97-41.06,1.74-47.88-2.86-6.79-4.58-8.2-10.59-8.37-11.47-.45-4.87-4.35-8.51-9.25-8.84-4.92-.34-9.34,3.17-10.42,7.98-.21.95-4.05,18.84,3.81,40.49-42.32-11.33-73.29-50.17-73.29-95.48,0-54.49,44.33-98.82,98.82-98.82,11.21,0,22.08,1.84,32.44,5.45-17.89,22.69-28.57,51.32-28.57,82.39,0,5.52,4.48,10,10,10s10-4.48,10-10c0-62.48,50.83-113.32,113.32-113.32,31.1,0,60.01,12.72,80.88,33.95.11.11.22.22.33.34,11.39,11.69,20.37,25.92,25.93,42.03,1.8,5.22,7.5,8,12.72,6.19,5.22-1.8,7.99-7.5,6.19-12.71-4.95-14.34-12.21-27.4-21.24-38.88,10.34-3.6,21.18-5.43,32.38-5.43,54.49,0,98.82,44.33,98.82,98.82,0,45.47-31.18,84.41-73.73,95.59Z\"><\/path><path class=\"st0\" d=\"M379.27,229.5c-5.52.02-9.98,4.52-9.96,10.04v.29c0,5.52,4.48,10,10,10s10-4.48,10-10v-.38c-.02-5.52-4.5-9.96-10.04-9.96Z\"><\/path><path class=\"st0\" d=\"M162.12,59.19c2.64,0,5.21-1.06,7.07-2.93,1.87-1.86,2.93-4.43,2.93-7.07s-1.06-5.21-2.93-7.07c-1.86-1.86-4.43-2.93-7.07-2.93s-5.21,1.07-7.07,2.93-2.92,4.44-2.92,7.07,1.06,5.21,2.92,7.07c1.86,1.87,4.44,2.93,7.07,2.93Z\"><\/path><\/svg>\t\t\t<\/div>\n\t\t<\/div>\n\t\t\t\t\t\t<\/div>\n\t\t\t\t<\/div>\n\t\t\t\t<\/div>\n\t\t\t\t<div class=\"elementor-element elementor-element-4bc30e3c elementor-widget__width-initial elementor-widget elementor-widget-spacer\" data-id=\"4bc30e3c\" data-element_type=\"widget\" data-widget_type=\"spacer.default\">\n\t\t\t\t<div class=\"elementor-widget-container\">\n\t\t\t\t\t\t\t<div class=\"elementor-spacer\">\n\t\t\t<div class=\"elementor-spacer-inner\"><\/div>\n\t\t<\/div>\n\t\t\t\t\t\t<\/div>\n\t\t\t\t<\/div>\n\t\t\t\t<\/div>\n\t\t\t\t<div class=\"elementor-element elementor-element-5e5d294a elementor-widget__width-initial animated-fast elementor-invisible elementor-widget elementor-widget-heading\" data-id=\"5e5d294a\" data-element_type=\"widget\" data-settings=\"{&quot;_animation&quot;:&quot;fadeInUp&quot;,&quot;_animation_delay&quot;:100}\" data-widget_type=\"heading.default\">\n\t\t\t\t<div class=\"elementor-widget-container\">\n\t\t\t\t\t<h3 class=\"elementor-heading-title elementor-size-default\">End\u00fcstriyel G\u00fcc\u00fcn Ham Maddesi<\/h3>\t\t\t\t<\/div>\n\t\t\t\t<\/div>\n\t\t\t\t<div class=\"elementor-element elementor-element-d4712f4 elementor-widget__width-initial animated-fast elementor-invisible elementor-widget elementor-widget-text-editor\" data-id=\"d4712f4\" data-element_type=\"widget\" data-settings=\"{&quot;_animation&quot;:&quot;fadeIn&quot;,&quot;_animation_delay&quot;:200}\" data-widget_type=\"text-editor.default\">\n\t\t\t\t<div class=\"elementor-widget-container\">\n\t\t\t\t\t\t\t\t\t<p>Do\u011fal, lifli yap\u0131s\u0131yla bir\u00e7ok sekt\u00f6re katk\u0131 sunan \u00f6zel bir \u00fcr\u00fcn.<\/p>\t\t\t\t\t\t\t\t<\/div>\n\t\t\t\t<\/div>\n\t\t<div class=\"elementor-element elementor-element-27d760ee e-con-full e-flex e-con e-child\" data-id=\"27d760ee\" data-element_type=\"container\">\n\t\t<div class=\"elementor-element elementor-element-2e9c8b9a e-con-full animated-fast vamtam-has-theme-cp vamtam-cp-top-left e-flex elementor-invisible e-con e-child\" data-id=\"2e9c8b9a\" data-element_type=\"container\" data-settings=\"{&quot;background_background&quot;:&quot;classic&quot;,&quot;animation_delay&quot;:450,&quot;animation&quot;:&quot;fadeInUp&quot;}\">\n\t\t\t\t<div class=\"elementor-element elementor-element-2aa75ebc elementor-icon-list--layout-traditional elementor-list-item-link-full_width elementor-widget elementor-widget-icon-list\" data-id=\"2aa75ebc\" data-element_type=\"widget\" data-widget_type=\"icon-list.default\">\n\t\t\t\t<div class=\"elementor-widget-container\">\n\t\t\t\t\t\t\t<ul class=\"elementor-icon-list-items\">\n\t\t\t\t\t\t\t<li class=\"elementor-icon-list-item\">\n\t\t\t\t\t\t\t\t\t\t\t<span class=\"elementor-icon-list-icon\">\n\t\t\t\t\t\t\t<i aria-hidden=\"true\" class=\"vamtamtheme- vamtam-theme-check-round\"><\/i>\t\t\t\t\t\t<\/span>\n\t\t\t\t\t\t\t\t\t\t<span class=\"elementor-icon-list-text\">Do\u011fal sel\u00fcloz kayna\u011f\u0131<\/span>\n\t\t\t\t\t\t\t\t\t<\/li>\n\t\t\t\t\t\t\t\t<li class=\"elementor-icon-list-item\">\n\t\t\t\t\t\t\t\t\t\t\t<span class=\"elementor-icon-list-icon\">\n\t\t\t\t\t\t\t<i aria-hidden=\"true\" class=\"vamtamtheme- vamtam-theme-check-round\"><\/i>\t\t\t\t\t\t<\/span>\n\t\t\t\t\t\t\t\t\t\t<span class=\"elementor-icon-list-text\">Tekstil i\u00e7in uygun lif<\/span>\n\t\t\t\t\t\t\t\t\t<\/li>\n\t\t\t\t\t\t\t\t<li class=\"elementor-icon-list-item\">\n\t\t\t\t\t\t\t\t\t\t\t<span class=\"elementor-icon-list-icon\">\n\t\t\t\t\t\t\t<i aria-hidden=\"true\" class=\"vamtamtheme- vamtam-theme-check-round\"><\/i>\t\t\t\t\t\t<\/span>\n\t\t\t\t\t\t\t\t\t\t<span class=\"elementor-icon-list-text\">\u0130la\u00e7 sanayisine uygun<\/span>\n\t\t\t\t\t\t\t\t\t<\/li>\n\t\t\t\t\t\t<\/ul>\n\t\t\t\t\t\t<\/div>\n\t\t\t\t<\/div>\n\t\t\t\t<\/div>\n\t\t<div class=\"elementor-element elementor-element-5ee36af0 e-con-full animated-fast vamtam-has-theme-cp vamtam-cp-top-right e-flex elementor-invisible e-con e-child\" data-id=\"5ee36af0\" data-element_type=\"container\" data-settings=\"{&quot;background_background&quot;:&quot;classic&quot;,&quot;animation_delay&quot;:500,&quot;animation&quot;:&quot;fadeInUp&quot;}\">\n\t\t\t\t<div class=\"elementor-element elementor-element-2d5f80c1 elementor-icon-list--layout-traditional elementor-list-item-link-full_width elementor-widget elementor-widget-icon-list\" data-id=\"2d5f80c1\" data-element_type=\"widget\" data-widget_type=\"icon-list.default\">\n\t\t\t\t<div class=\"elementor-widget-container\">\n\t\t\t\t\t\t\t<ul class=\"elementor-icon-list-items\">\n\t\t\t\t\t\t\t<li class=\"elementor-icon-list-item\">\n\t\t\t\t\t\t\t\t\t\t\t<span class=\"elementor-icon-list-icon\">\n\t\t\t\t\t\t\t<i aria-hidden=\"true\" class=\"vamtamtheme- vamtam-theme-check-round\"><\/i>\t\t\t\t\t\t<\/span>\n\t\t\t\t\t\t\t\t\t\t<span class=\"elementor-icon-list-text\">Ka\u011f\u0131t \u00fcretimine katk\u0131<\/span>\n\t\t\t\t\t\t\t\t\t<\/li>\n\t\t\t\t\t\t\t\t<li class=\"elementor-icon-list-item\">\n\t\t\t\t\t\t\t\t\t\t\t<span class=\"elementor-icon-list-icon\">\n\t\t\t\t\t\t\t<i aria-hidden=\"true\" class=\"vamtamtheme- vamtam-theme-check-round\"><\/i>\t\t\t\t\t\t<\/span>\n\t\t\t\t\t\t\t\t\t\t<span class=\"elementor-icon-list-text\">\u00c7evre dostu malzeme<\/span>\n\t\t\t\t\t\t\t\t\t<\/li>\n\t\t\t\t\t\t\t\t<li class=\"elementor-icon-list-item\">\n\t\t\t\t\t\t\t\t\t\t\t<span class=\"elementor-icon-list-icon\">\n\t\t\t\t\t\t\t<i aria-hidden=\"true\" class=\"vamtamtheme- vamtam-theme-check-round\"><\/i>\t\t\t\t\t\t<\/span>\n\t\t\t\t\t\t\t\t\t\t<span class=\"elementor-icon-list-text\">Y\u00fcksek safl\u0131k oran\u0131<\/span>\n\t\t\t\t\t\t\t\t\t<\/li>\n\t\t\t\t\t\t<\/ul>\n\t\t\t\t\t\t<\/div>\n\t\t\t\t<\/div>\n\t\t\t\t<\/div>\n\t\t\t\t<\/div>\n\t\t\t\t\t<\/div>\n\t\t\t\t<\/div>\n\t\t\t\t<\/div>\n\t\t","protected":false},"excerpt":{"rendered":"<p>Do\u011fal lif yap\u0131s\u0131yla tekstil, ila\u00e7 ve sanayi sekt\u00f6rlerinde \u00e7ok ama\u00e7l\u0131 kullan\u0131l\u0131r.<\/p>\n","protected":false},"author":1,"featured_media":988042,"parent":21,"menu_order":0,"comment_status":"closed","ping_status":"closed","template":"","meta":{"inline_featured_image":false,"footnotes":""},"class_list":["post-988003","page","type-page","status-publish","has-post-thumbnail","hentry"],"_links":{"self":[{"href":"https:\/\/www.anzelyag.com\/index.php\/wp-json\/wp\/v2\/pages\/988003","targetHints":{"allow":["GET"]}}],"collection":[{"href":"https:\/\/www.anzelyag.com\/index.php\/wp-json\/wp\/v2\/pages"}],"about":[{"href":"https:\/\/www.anzelyag.com\/index.php\/wp-json\/wp\/v2\/types\/page"}],"author":[{"embeddable":true,"href":"https:\/\/www.anzelyag.com\/index.php\/wp-json\/wp\/v2\/users\/1"}],"replies":[{"embeddable":true,"href":"https:\/\/www.anzelyag.com\/index.php\/wp-json\/wp\/v2\/comments?post=988003"}],"version-history":[{"count":11,"href":"https:\/\/www.anzelyag.com\/index.php\/wp-json\/wp\/v2\/pages\/988003\/revisions"}],"predecessor-version":[{"id":988188,"href":"https:\/\/www.anzelyag.com\/index.php\/wp-json\/wp\/v2\/pages\/988003\/revisions\/988188"}],"up":[{"embeddable":true,"href":"https:\/\/www.anzelyag.com\/index.php\/wp-json\/wp\/v2\/pages\/21"}],"wp:featuredmedia":[{"embeddable":true,"href":"https:\/\/www.anzelyag.com\/index.php\/wp-json\/wp\/v2\/media\/988042"}],"wp:attachment":[{"href":"https:\/\/www.anzelyag.com\/index.php\/wp-json\/wp\/v2\/media?parent=988003"}],"curies":[{"name":"wp","href":"https:\/\/api.w.org\/{rel}","templated":true}]}}